
{"id":28376,"date":"2026-03-20T15:54:52","date_gmt":"2026-03-20T14:54:52","guid":{"rendered":"https:\/\/www.camping-les-preveils.com\/?page_id=28376"},"modified":"2026-04-22T17:06:51","modified_gmt":"2026-04-22T15:06:51","slug":"mini-guides-for-experiences","status":"publish","type":"page","link":"https:\/\/www.camping-les-preveils.com\/en\/mini-guides-dexperiences\/","title":{"rendered":"Mini Experience Guides"},"content":{"rendered":"<div class=\"wp-block-query alignwide is-layout-flow wp-block-query-is-layout-flow\" data-block-type=\"core\"><ul class=\"wp-block-post-template is-layout-flow wp-block-post-template-is-layout-flow\" data-block-type=\"core\"><li class=\"wp-block-post post-28410 mini-guide-dexperien type-mini-guide-dexperien status-publish has-post-thumbnail hentry\">\n<h2 class=\"wp-block-post-title\" data-block-type=\"core\"><a href=\"https:\/\/www.camping-les-preveils.com\/en\/mini-guide-dexperien\/que-visiter-autour-du-camping-les-preveils\/\" target=\"_self\" >What to visit around Camping Les Pr\u00e9veils?<\/a><\/h2>\n\n<div class=\"wp-block-post-excerpt has-large-font-size\" data-block-type=\"core\"><p class=\"wp-block-post-excerpt__excerpt\">There are campsites that merely serve as a stopover. And then there are those that become a strategic base: a place where you leave your bags and from which you radiate out each day to explore a new facet of the region. In La Tranche-sur-Mer, Camping MAEVA Club Les Pr\u00e9veils is one of those... <\/p><\/div>\n\n\n<hr class=\"wp-block-separator has-css-opacity\">\n\n<\/li><li class=\"wp-block-post post-28411 mini-guide-dexperien type-mini-guide-dexperien status-publish has-post-thumbnail hentry\">\n<h2 class=\"wp-block-post-title\" data-block-type=\"core\"><a href=\"https:\/\/www.camping-les-preveils.com\/en\/mini-guide-dexperien\/top-des-sorties-en-famille-en-vendee\/\" target=\"_self\" >Top family outings in Vend\u00e9e, near the campsite<\/a><\/h2>\n\n<div class=\"wp-block-post-excerpt has-large-font-size\" data-block-type=\"core\"><p class=\"wp-block-post-excerpt__excerpt\">In the morning, at the MAEVA Club Les Pr\u00e9veils campsite, the day often begins without unnecessary noise. Beneath the pine trees, you mostly hear footsteps on the sand, the zips of bags, and that little holiday enthusiasm: \u201cWhat are we doing today?\u201d. Here, it's simple: the beach is at the end of the path (access\u2026 <\/p><\/div>\n\n\n<hr class=\"wp-block-separator has-css-opacity\">\n\n<\/li><li class=\"wp-block-post post-28384 mini-guide-dexperien type-mini-guide-dexperien status-publish hentry\">\n<h2 class=\"wp-block-post-title\" data-block-type=\"core\"><a href=\"https:\/\/www.camping-les-preveils.com\/en\/mini-guide-dexperien\/circuits-a-velo-et-sentiers-pedestres-en-sud-vendee\/\" target=\"_self\" >Bike rides and walking trails in South Vend\u00e9e<\/a><\/h2>\n\n<div class=\"wp-block-post-excerpt has-large-font-size\" data-block-type=\"core\"><p class=\"wp-block-post-excerpt__excerpt\">Here, you realise that the Vend\u00e9e was designed for slow holidays. Those where you move to the rhythm of your tyres on the cycle path, or to the rhythm of your steps on a sandy trail. From the MAEVA Club Les Pr\u00e9veils Campsite, you don't need to \u201cplan an expedition\u201d to feel like you're in... <\/p><\/div>\n\n\n<hr class=\"wp-block-separator has-css-opacity\">\n\n<\/li><li class=\"wp-block-post post-28372 mini-guide-dexperien type-mini-guide-dexperien status-publish has-post-thumbnail hentry\">\n<h2 class=\"wp-block-post-title\" data-block-type=\"core\"><a href=\"https:\/\/www.camping-les-preveils.com\/en\/mini-guide-dexperien\/activites-nautiques-la-tranche-sur-mer\/\" target=\"_self\" >Surf guide, water sports and swimming near La Tranche-sur-Mer<\/a><\/h2>\n\n<div class=\"wp-block-post-excerpt has-large-font-size\" data-block-type=\"core\"><p class=\"wp-block-post-excerpt__excerpt\">It\u2019s easy to see why La Tranche-sur-Mer earned its nickname of \u201cLittle California\u201d. Here, the Atlantic doesn't hold back: it breathes, it moves, it plays with the wind\u2026 and depending on the time of day and the tide, it offers a sea that is sometimes sporty, sometimes incredibly calm. From Camping MAEVA Club Les Pr\u00e9veils, the magic begins even before\u2026 <\/p><\/div>\n\n\n<hr class=\"wp-block-separator has-css-opacity\">\n\n<\/li><\/ul><\/div>","protected":false},"excerpt":{"rendered":"","protected":false},"author":1,"featured_media":0,"parent":0,"menu_order":0,"comment_status":"closed","ping_status":"closed","template":"","meta":{"_acf_changed":false,"_seopress_robots_primary_cat":"","_seopress_titles_title":"Mini-Guides d'exp\u00e9riences du camping Les Pr\u00e9veils","_seopress_titles_desc":"D\u00e9couvrez ou red\u00e9couvrez la Vend\u00e9e depuis le camping Les Pr\u00e9veils \u00e0 La Tranche sur Mer","_seopress_robots_index":"","_vp_format_video_url":"","_vp_image_focal_point":[],"footnotes":""},"class_list":["post-28376","page","type-page","status-publish","hentry"],"acf":[],"_links":{"self":[{"href":"https:\/\/www.camping-les-preveils.com\/en\/wp-json\/wp\/v2\/pages\/28376","targetHints":{"allow":["GET"]}}],"collection":[{"href":"https:\/\/www.camping-les-preveils.com\/en\/wp-json\/wp\/v2\/pages"}],"about":[{"href":"https:\/\/www.camping-les-preveils.com\/en\/wp-json\/wp\/v2\/types\/page"}],"author":[{"embeddable":true,"href":"https:\/\/www.camping-les-preveils.com\/en\/wp-json\/wp\/v2\/users\/1"}],"replies":[{"embeddable":true,"href":"https:\/\/www.camping-les-preveils.com\/en\/wp-json\/wp\/v2\/comments?post=28376"}],"version-history":[{"count":1,"href":"https:\/\/www.camping-les-preveils.com\/en\/wp-json\/wp\/v2\/pages\/28376\/revisions"}],"predecessor-version":[{"id":28379,"href":"https:\/\/www.camping-les-preveils.com\/en\/wp-json\/wp\/v2\/pages\/28376\/revisions\/28379"}],"wp:attachment":[{"href":"https:\/\/www.camping-les-preveils.com\/en\/wp-json\/wp\/v2\/media?parent=28376"}],"curies":[{"name":"wp","href":"https:\/\/api.w.org\/{rel}","templated":true}]}}