
{"id":27505,"date":"2025-03-26T11:02:12","date_gmt":"2025-03-26T10:02:12","guid":{"rendered":"https:\/\/www.camping-les-preveils.com\/?page_id=27505"},"modified":"2025-11-12T15:16:06","modified_gmt":"2025-11-12T14:16:06","slug":"shops-services","status":"publish","type":"page","link":"https:\/\/www.camping-les-preveils.com\/en\/commerces-services\/","title":{"rendered":"Shops &amp; Services"},"content":{"rendered":"<div class=\"wp-block-stackable-columns alignfull stk-block-columns stk-block stk-195ebb5 stk-block-background stk--has-background-overlay\" data-block-id=\"195ebb5\"><style>.stk-195ebb5 .stk--block-align-195ebb5{align-items:center !important;}.stk-195ebb5 {background-image:url(https:\/\/www.camping-les-preveils.com\/wp-content\/uploads\/2025\/03\/fond-haut-pageint2.jpg) !important;margin-bottom:0px !important;}.stk-195ebb5:before{opacity:0 !important;}<\/style><div class=\"stk-row stk-inner-blocks stk--block-align-195ebb5 stk-block-content stk-content-align stk-195ebb5-column alignwide\">\n<div class=\"wp-block-stackable-column stk-block-column stk-column stk-block stk-51fa508\" data-v=\"4\" data-block-id=\"51fa508\"><div class=\"stk-column-wrapper stk-block-column__content stk-container stk-51fa508-container stk--no-background stk--no-padding\"><div class=\"stk-block-content stk-inner-blocks stk-51fa508-inner-blocks\">\n<div class=\"wp-block-stackable-image stk-block-image stk-block stk-fbfe5ec stk-entrance\" data-block-id=\"fbfe5ec\"><style>.stk-fbfe5ec {border-top-left-radius:50px !important;border-top-right-radius:50px !important;border-bottom-right-radius:50px !important;border-bottom-left-radius:50px !important;overflow:hidden !important;box-shadow:2px 2px 3px 0px #00000075 !important;}.stk-fbfe5ec .stk-img-wrapper{width:100% !important;height:300px !important;}.stk-fbfe5ec .stk-img-wrapper img{object-position:49% 68% !important;}@media screen and (max-width: 767px){.stk-fbfe5ec .stk-img-wrapper{height:300px !important;}}<\/style><figure><span class=\"stk-img-wrapper stk-image--shape-stretch\"><img loading=\"lazy\" decoding=\"async\" class=\"stk-img wp-image-27334\" src=\"https:\/\/www.camping-les-preveils.com\/wp-content\/uploads\/2025\/03\/LaTranche_MaevaClubPreveils_270722_08_0.jpg\" width=\"1200\" height=\"800\" alt=\"sports activities at the campsite\" srcset=\"https:\/\/www.camping-les-preveils.com\/wp-content\/uploads\/2025\/03\/LaTranche_MaevaClubPreveils_270722_08_0.jpg 1200w, https:\/\/www.camping-les-preveils.com\/wp-content\/uploads\/2025\/03\/LaTranche_MaevaClubPreveils_270722_08_0-300x200.jpg 300w, https:\/\/www.camping-les-preveils.com\/wp-content\/uploads\/2025\/03\/LaTranche_MaevaClubPreveils_270722_08_0-1024x683.jpg 1024w, https:\/\/www.camping-les-preveils.com\/wp-content\/uploads\/2025\/03\/LaTranche_MaevaClubPreveils_270722_08_0-768x512.jpg 768w, https:\/\/www.camping-les-preveils.com\/wp-content\/uploads\/2025\/03\/LaTranche_MaevaClubPreveils_270722_08_0-500x333.jpg 500w, https:\/\/www.camping-les-preveils.com\/wp-content\/uploads\/2025\/03\/LaTranche_MaevaClubPreveils_270722_08_0-800x533.jpg 800w\" sizes=\"auto, (max-width: 1200px) 100vw, 1200px\" \/><\/span><\/figure><\/div>\n<\/div><\/div><\/div>\n\n\n\n<div class=\"wp-block-stackable-column stk-block-column stk-column stk-block stk-d1d930d stk-block-background\" data-v=\"4\" data-block-id=\"d1d930d\"><style>.stk-d1d930d {background-color:#ffffffcf !important;}.stk-d1d930d:before{background-color:#ffffffcf !important;}<\/style><div class=\"stk-column-wrapper stk-block-column__content stk-container stk-d1d930d-container stk--no-background stk--no-padding\"><div class=\"stk-block-content stk-inner-blocks stk-d1d930d-inner-blocks\">\n<h2 class=\"wp-block-heading\" data-block-type=\"core\"><span style=\"color: var(--stk-global-color-48085, #006c77);\" class=\"stk-highlight\">To the south of La Tranche sur mer is our campsite<\/span><\/h2>\n\n\n\n<div class=\"wp-block-stackable-text stk-block-text stk-block stk-ccfde1a\" data-block-id=\"ccfde1a\"><p class=\"stk-block-text__text\">Our campsite is located in the shopping district of <strong>La Gri\u00e8re<\/strong>, easily accessible on foot, by bike or by FUNBUS (line A).<br>It's an extraordinary place, just a stone's throw from the ocean, where you'll find everything you need for an enjoyable stay.<br>From shops to local produce, night markets to concerts, relaxation to sporting activities, with friends or family... <\/p><\/div>\n\n\n\n<p data-block-type=\"core\"><strong>Leave the car behind, you're at La Gri\u00e8re-Plage!<\/strong><\/p>\n<\/div><\/div><\/div>\n<\/div><\/div>\n\n\n\n<div class=\"wp-block-stackable-columns alignfull stk-block-columns stk-block stk-e1ecf2e stk-block-background\" data-block-id=\"e1ecf2e\"><style>.stk-e1ecf2e .stk--block-align-e1ecf2e{align-items:center !important;}.stk-e1ecf2e {background-color:#006c781c !important;padding-top:50px !important;padding-bottom:50px !important;margin-bottom:0px !important;}.stk-e1ecf2e:before{background-color:#006c781c !important;}<\/style><div class=\"stk-row stk-inner-blocks stk--block-align-e1ecf2e stk-block-content stk-content-align stk-e1ecf2e-column alignwide\">\n<div class=\"wp-block-stackable-column stk-block-column stk-column stk-block stk-97cd87a\" data-v=\"4\" data-block-id=\"97cd87a\"><div class=\"stk-column-wrapper stk-block-column__content stk-container stk-97cd87a-container stk--no-background stk--no-padding\"><div class=\"stk-block-content stk-inner-blocks stk-97cd87a-inner-blocks\">\n<div class=\"wp-block-stackable-heading stk-block-heading stk-block-heading--v2 stk-block stk-4e4aedc\" id=\"span-style-color-var-stk-global-color-48085-006-c-77-class-stk-highlight-quartier-de-la-griere-entre-mer-vie-locale-et-commerces-span\" data-block-id=\"4e4aedc\"><h2 class=\"stk-block-heading__text\"><span style=\"color: var(--stk-global-color-48085, #006c77);\" class=\"stk-highlight\">Quartier de la Gri\u00e8re: Between the sea, local life and shops<\/span><\/h2><\/div>\n\n\n\n<div class=\"wp-block-stackable-text stk-block-text stk-block stk-43fc0d4\" data-block-id=\"43fc0d4\"><style>.stk-43fc0d4 {margin-bottom:0px !important;}<\/style><p class=\"stk-block-text__text\">Take a stroll through the Gri\u00e8re district and discover its many local shops, perfect for combining relaxation with everyday practicality.<\/p><\/div>\n\n\n\n<p data-block-type=\"core\"><strong>Shops :<br><\/strong>Fruit and vegetables - Bakery - Butchers - Fishmongers - Cellars - CocciMarket - Souvenir shops - Clothing, jewellery &amp; footwear - Tobacco - Spar<br><strong>Services :<br><\/strong>P.T.T. mailbox - Distributor C.A. Marine Service 85 - Veterinary practice - Garage AD <br><strong>Place of worship :<\/strong> La Gri\u00e8re chapel<br><strong>Activities :<br><\/strong>Pirate Island: Play park: Inflatable games, merry-go-rounds, games room, homemade ice creams<br>Miniature Golf<br>Water Fun: Water sports activities: accessible from the beach<\/p>\n\n\n\n<p data-block-type=\"core\">The SUPER U supermarket welcomes you to La Tranche sur Mer.<\/p>\n<\/div><\/div><\/div>\n\n\n\n<div class=\"wp-block-stackable-column stk-block-column stk-column stk-block stk-3f51df9\" data-v=\"4\" data-block-id=\"3f51df9\"><div class=\"stk-column-wrapper stk-block-column__content stk-container stk-3f51df9-container stk--no-background stk--no-padding\"><div class=\"stk-block-content stk-inner-blocks stk-3f51df9-inner-blocks\">\n<div class=\"wp-block-stackable-image stk-block-image stk-block stk-c06464b stk-entrance\" data-block-id=\"c06464b\"><style>.stk-c06464b {border-top-left-radius:50px !important;border-top-right-radius:50px !important;border-bottom-right-radius:50px !important;border-bottom-left-radius:50px !important;overflow:hidden !important;box-shadow:2px 2px 3px 0px #00000075 !important;}.stk-c06464b .stk-img-wrapper{width:100% !important;height:300px !important;}.stk-c06464b .stk-img-wrapper img{object-position:42% 61% !important;}@media screen and (max-width: 767px){.stk-c06464b .stk-img-wrapper{height:300px !important;}}<\/style><figure><span class=\"stk-img-wrapper stk-image--shape-stretch\"><img loading=\"lazy\" decoding=\"async\" class=\"stk-img wp-image-27615\" src=\"https:\/\/www.camping-les-preveils.com\/wp-content\/uploads\/2025\/03\/la-griere-nocturne.jpg\" width=\"1200\" height=\"800\" alt=\"la griere night market\" srcset=\"https:\/\/www.camping-les-preveils.com\/wp-content\/uploads\/2025\/03\/la-griere-nocturne.jpg 1200w, https:\/\/www.camping-les-preveils.com\/wp-content\/uploads\/2025\/03\/la-griere-nocturne-300x200.jpg 300w, https:\/\/www.camping-les-preveils.com\/wp-content\/uploads\/2025\/03\/la-griere-nocturne-1024x683.jpg 1024w, https:\/\/www.camping-les-preveils.com\/wp-content\/uploads\/2025\/03\/la-griere-nocturne-768x512.jpg 768w, https:\/\/www.camping-les-preveils.com\/wp-content\/uploads\/2025\/03\/la-griere-nocturne-18x12.jpg 18w, https:\/\/www.camping-les-preveils.com\/wp-content\/uploads\/2025\/03\/la-griere-nocturne-500x333.jpg 500w, https:\/\/www.camping-les-preveils.com\/wp-content\/uploads\/2025\/03\/la-griere-nocturne-800x533.jpg 800w\" sizes=\"auto, (max-width: 1200px) 100vw, 1200px\" \/><\/span><\/figure><\/div>\n\n\n\n<div class=\"wp-block-stackable-image stk-block-image stk-block stk-dcc2de9 stk-entrance\" data-block-id=\"dcc2de9\"><style>.stk-dcc2de9 {border-top-left-radius:50px !important;border-top-right-radius:50px !important;border-bottom-right-radius:50px !important;border-bottom-left-radius:50px !important;overflow:hidden !important;box-shadow:2px 2px 3px 0px #00000075 !important;}.stk-dcc2de9 .stk-img-wrapper{width:100% !important;height:300px !important;}.stk-dcc2de9 .stk-img-wrapper img{object-position:42% 61% !important;}@media screen and (max-width: 767px){.stk-dcc2de9 .stk-img-wrapper{height:300px !important;}}<\/style><figure><span class=\"stk-img-wrapper stk-image--shape-stretch\"><img loading=\"lazy\" decoding=\"async\" class=\"stk-img wp-image-28014\" src=\"https:\/\/www.camping-les-preveils.com\/wp-content\/uploads\/2025\/10\/marche-avec-des-fruits-et-legumes.jpg\" width=\"1280\" height=\"871\" alt=\"la griere night market\" srcset=\"https:\/\/www.camping-les-preveils.com\/wp-content\/uploads\/2025\/10\/marche-avec-des-fruits-et-legumes.jpg 1280w, https:\/\/www.camping-les-preveils.com\/wp-content\/uploads\/2025\/10\/marche-avec-des-fruits-et-legumes-300x204.jpg 300w, https:\/\/www.camping-les-preveils.com\/wp-content\/uploads\/2025\/10\/marche-avec-des-fruits-et-legumes-1024x697.jpg 1024w, https:\/\/www.camping-les-preveils.com\/wp-content\/uploads\/2025\/10\/marche-avec-des-fruits-et-legumes-768x523.jpg 768w, https:\/\/www.camping-les-preveils.com\/wp-content\/uploads\/2025\/10\/marche-avec-des-fruits-et-legumes-18x12.jpg 18w, https:\/\/www.camping-les-preveils.com\/wp-content\/uploads\/2025\/10\/marche-avec-des-fruits-et-legumes-500x340.jpg 500w, https:\/\/www.camping-les-preveils.com\/wp-content\/uploads\/2025\/10\/marche-avec-des-fruits-et-legumes-800x544.jpg 800w\" sizes=\"auto, (max-width: 1280px) 100vw, 1280px\" \/><\/span><\/figure><\/div>\n<\/div><\/div><\/div>\n<\/div><\/div>\n\n\n\n<div class=\"wp-block-stackable-columns alignfull stk-block-columns stk-block stk-5fce33a\" data-block-id=\"5fce33a\"><style>.stk-5fce33a .stk--block-align-5fce33a{align-items:center !important;}@media screen and (max-width: 767px){.stk-5fce33a {padding-right:10px !important;padding-left:10px !important;}}<\/style><div class=\"stk-row stk-inner-blocks stk--block-align-5fce33a stk-block-content stk-content-align stk-5fce33a-column alignwide\">\n<div class=\"wp-block-stackable-column stk-block-column stk-column stk-block stk-2e3ad3e\" data-v=\"4\" data-block-id=\"2e3ad3e\"><div class=\"stk-column-wrapper stk-block-column__content stk-container stk-2e3ad3e-container stk--no-background stk--no-padding\"><div class=\"stk-block-content stk-inner-blocks stk-2e3ad3e-inner-blocks\">\n<div class=\"wp-block-stackable-image stk-block-image stk-block stk-f1e069f stk-entrance\" data-block-id=\"f1e069f\"><style>.stk-f1e069f {border-top-left-radius:50px !important;border-top-right-radius:50px !important;border-bottom-right-radius:50px !important;border-bottom-left-radius:50px !important;overflow:hidden !important;box-shadow:2px 2px 3px 0px #00000075 !important;}.stk-f1e069f .stk-img-wrapper{width:100% !important;height:300px !important;}.stk-f1e069f .stk-img-wrapper img{object-position:49% 67% !important;}@media screen and (max-width: 767px){.stk-f1e069f .stk-img-wrapper{height:300px !important;}}<\/style><figure><span class=\"stk-img-wrapper stk-image--shape-stretch\"><img loading=\"lazy\" decoding=\"async\" class=\"stk-img wp-image-27614\" src=\"https:\/\/www.camping-les-preveils.com\/wp-content\/uploads\/2025\/03\/photo-la-griere.jpg\" width=\"519\" height=\"779\" alt=\"campsite close to shops in vend\u00e9e\" srcset=\"https:\/\/www.camping-les-preveils.com\/wp-content\/uploads\/2025\/03\/photo-la-griere.jpg 519w, https:\/\/www.camping-les-preveils.com\/wp-content\/uploads\/2025\/03\/photo-la-griere-200x300.jpg 200w, https:\/\/www.camping-les-preveils.com\/wp-content\/uploads\/2025\/03\/photo-la-griere-8x12.jpg 8w, https:\/\/www.camping-les-preveils.com\/wp-content\/uploads\/2025\/03\/photo-la-griere-500x750.jpg 500w\" sizes=\"auto, (max-width: 519px) 100vw, 519px\" \/><\/span><\/figure><\/div>\n\n\n\n<div class=\"wp-block-stackable-image stk-block-image stk-block stk-d26a274 stk-entrance\" data-block-id=\"d26a274\"><style>.stk-d26a274 {border-top-left-radius:50px !important;border-top-right-radius:50px !important;border-bottom-right-radius:50px !important;border-bottom-left-radius:50px !important;overflow:hidden !important;box-shadow:2px 2px 3px 0px #00000075 !important;}.stk-d26a274 .stk-img-wrapper{width:100% !important;height:300px !important;}.stk-d26a274 .stk-img-wrapper img{object-position:49% 67% !important;}@media screen and (max-width: 767px){.stk-d26a274 .stk-img-wrapper{height:300px !important;}}<\/style><figure><span class=\"stk-img-wrapper stk-image--shape-stretch\"><img loading=\"lazy\" decoding=\"async\" class=\"stk-img wp-image-27272\" src=\"https:\/\/www.camping-les-preveils.com\/wp-content\/uploads\/2025\/03\/prev3.jpg\" width=\"2100\" height=\"1400\" alt=\"campsite close to shops in vend\u00e9e\" srcset=\"https:\/\/www.camping-les-preveils.com\/wp-content\/uploads\/2025\/03\/prev3.jpg 2100w, https:\/\/www.camping-les-preveils.com\/wp-content\/uploads\/2025\/03\/prev3-300x200.jpg 300w, https:\/\/www.camping-les-preveils.com\/wp-content\/uploads\/2025\/03\/prev3-1024x683.jpg 1024w, https:\/\/www.camping-les-preveils.com\/wp-content\/uploads\/2025\/03\/prev3-768x512.jpg 768w, https:\/\/www.camping-les-preveils.com\/wp-content\/uploads\/2025\/03\/prev3-1536x1024.jpg 1536w, https:\/\/www.camping-les-preveils.com\/wp-content\/uploads\/2025\/03\/prev3-2048x1365.jpg 2048w, https:\/\/www.camping-les-preveils.com\/wp-content\/uploads\/2025\/03\/prev3-500x333.jpg 500w, https:\/\/www.camping-les-preveils.com\/wp-content\/uploads\/2025\/03\/prev3-800x533.jpg 800w, https:\/\/www.camping-les-preveils.com\/wp-content\/uploads\/2025\/03\/prev3-1280x853.jpg 1280w, https:\/\/www.camping-les-preveils.com\/wp-content\/uploads\/2025\/03\/prev3-1920x1280.jpg 1920w\" sizes=\"auto, (max-width: 2100px) 100vw, 2100px\" \/><\/span><\/figure><\/div>\n<\/div><\/div><\/div>\n\n\n\n<div class=\"wp-block-stackable-column stk-block-column stk-column stk-block stk-a06fecc\" data-v=\"4\" data-block-id=\"a06fecc\"><div class=\"stk-column-wrapper stk-block-column__content stk-container stk-a06fecc-container stk--no-background stk--no-padding\"><div class=\"stk-block-content stk-inner-blocks stk-a06fecc-inner-blocks\">\n<h2 class=\"wp-block-heading\" data-block-type=\"core\"><span style=\"color: var(--stk-global-color-48085, #006c77);\" class=\"stk-highlight\">Town centre district: Summer atmosphere and easy-going lifestyle<\/span><\/h2>\n\n\n\n<div class=\"wp-block-stackable-text stk-block-text stk-block stk-4d03fe9\" data-block-id=\"4d03fe9\"><p class=\"stk-block-text__text\">The town centre of La Tranche sur Mer is accessible by bike or by FunBus, the free shuttle bus from our campsite during the summer months. As well as shops and markets, you'll find the Tourist Office, the Town Hall, the Post Office, a bank, a chemist and restaurants.<\/p><\/div>\n\n\n\n<p data-block-type=\"core\">In the heart of the village, the\u2019<strong>Saint-Nicolas church<\/strong> with its 19th-century architecture and its link with the maritime history of La Tranche-sur-Mer. Not far from there, the <strong>Grouin du Cou lighthouse<\/strong> stands as a symbol of the coastline, guiding sailors and bearing witness to the town's maritime identity. <\/p>\n\n\n\n<p data-block-type=\"core\">The pier, the starting point for unforgettable excursions along the water, allows you to admire the open sea and feel the closeness of the Atlantic Ocean.<\/p>\n\n\n\n<p data-block-type=\"core\">A new feature: <em>CAP Fitness &amp; Wellness<\/em> close to Aunisc\u00e9ane.<br><strong>For leisure activities :<br><\/strong>Skate Park (free)<br>Aunisc\u00e9ane (swimming pool)<br>A.M.P. (Maupas Plaisanciers\/Capitainerie)<br>Ouest Sea Zone (boat hire-water sports)<br>Agn\u00e8s Varda cinema<br>Parc des Floralies (free)<br>Fond du Mourat playground (free)<\/p>\n<\/div><\/div><\/div>\n<\/div><\/div>\n\n\n\n<p data-block-type=\"core\"><\/p>","protected":false},"excerpt":{"rendered":"<p>Au sud de la Tranche sur mer, se trouve notre camping Notre camping est situ\u00e9 dans le quartier commer\u00e7ant de La Gri\u00e8re, facilement accessible \u00e0 pied, \u00e0 v\u00e9lo ou en FUNBUS (ligne A).C\u2019est un lieu hors du commun, \u00e0 deux pas de l\u2019oc\u00e9an, o\u00f9 vous trouverez tout ce dont vous avez besoin pour passer un [&hellip;]<\/p>\n","protected":false},"author":1,"featured_media":26236,"parent":0,"menu_order":0,"comment_status":"closed","ping_status":"closed","template":"","meta":{"_acf_changed":false,"_seopress_robots_primary_cat":"","_seopress_titles_title":"Commerces & services autour du camping en Vend\u00e9e","_seopress_titles_desc":"D\u00e9couvrez tous les commerces et services situ\u00e9s \u00e0 deux pas du camping Les Pr\u00e9veils. Camping \u00e0 La Tranche sur Mer en Vend\u00e9e.","_seopress_robots_index":"","_vp_format_video_url":"","_vp_image_focal_point":[],"footnotes":""},"class_list":["post-27505","page","type-page","status-publish","has-post-thumbnail","hentry"],"acf":[],"_links":{"self":[{"href":"https:\/\/www.camping-les-preveils.com\/en\/wp-json\/wp\/v2\/pages\/27505","targetHints":{"allow":["GET"]}}],"collection":[{"href":"https:\/\/www.camping-les-preveils.com\/en\/wp-json\/wp\/v2\/pages"}],"about":[{"href":"https:\/\/www.camping-les-preveils.com\/en\/wp-json\/wp\/v2\/types\/page"}],"author":[{"embeddable":true,"href":"https:\/\/www.camping-les-preveils.com\/en\/wp-json\/wp\/v2\/users\/1"}],"replies":[{"embeddable":true,"href":"https:\/\/www.camping-les-preveils.com\/en\/wp-json\/wp\/v2\/comments?post=27505"}],"version-history":[{"count":8,"href":"https:\/\/www.camping-les-preveils.com\/en\/wp-json\/wp\/v2\/pages\/27505\/revisions"}],"predecessor-version":[{"id":28057,"href":"https:\/\/www.camping-les-preveils.com\/en\/wp-json\/wp\/v2\/pages\/27505\/revisions\/28057"}],"wp:featuredmedia":[{"embeddable":true,"href":"https:\/\/www.camping-les-preveils.com\/en\/wp-json\/wp\/v2\/media\/26236"}],"wp:attachment":[{"href":"https:\/\/www.camping-les-preveils.com\/en\/wp-json\/wp\/v2\/media?parent=27505"}],"curies":[{"name":"wp","href":"https:\/\/api.w.org\/{rel}","templated":true}]}}