
{"id":26302,"date":"2025-03-06T16:55:35","date_gmt":"2025-03-06T15:55:35","guid":{"rendered":"https:\/\/www.camping-les-preveils.com\/?page_id=26302"},"modified":"2025-10-31T11:23:49","modified_gmt":"2025-10-31T10:23:49","slug":"camping-animations","status":"publish","type":"page","link":"https:\/\/www.camping-les-preveils.com\/en\/animations\/animations-camping\/","title":{"rendered":"Daytime entertainment"},"content":{"rendered":"<p class=\"has-text-align-center\" data-block-type=\"core\"> <\/p>\n\n\n\n<div class=\"wp-block-stackable-columns alignfull stk-block-columns stk-block stk-195ebb5 stk-block-background stk--has-background-overlay\" data-block-id=\"195ebb5\"><style>.stk-195ebb5 .stk--block-align-195ebb5{align-items:center !important;}.stk-195ebb5 {background-image:url(https:\/\/www.camping-les-preveils.com\/wp-content\/uploads\/2025\/03\/fond-haut-pageint2.jpg) !important;margin-bottom:50px !important;}<\/style><div class=\"stk-row stk-inner-blocks stk--block-align-195ebb5 stk-block-content stk-content-align stk-195ebb5-column alignwide\">\n<div class=\"wp-block-stackable-column stk-block-column stk-column stk-block stk-51fa508\" data-v=\"4\" data-block-id=\"51fa508\"><div class=\"stk-column-wrapper stk-block-column__content stk-container stk-51fa508-container stk--no-background stk--no-padding\"><div class=\"stk-block-content stk-inner-blocks stk-51fa508-inner-blocks\">\n<div class=\"wp-block-stackable-image stk-block-image stk-block stk-73af077 stk-entrance\" data-block-id=\"73af077\"><style>.stk-73af077 {border-top-left-radius:50px !important;border-top-right-radius:50px !important;border-bottom-right-radius:50px !important;border-bottom-left-radius:50px !important;overflow:hidden !important;box-shadow:2px 2px 3px 0px #00000075 !important;}.stk-73af077 .stk-img-wrapper{width:100% !important;height:300px !important;}.stk-73af077 .stk-img-wrapper img{object-position:93% 94% !important;}@media screen and (max-width: 767px){.stk-73af077 .stk-img-wrapper{height:300px !important;}}<\/style><figure><span class=\"stk-img-wrapper stk-image--shape-stretch\"><img loading=\"lazy\" decoding=\"async\" class=\"stk-img wp-image-27964\" src=\"https:\/\/www.camping-les-preveils.com\/wp-content\/uploads\/2025\/10\/IMG_20230815_160237-scaled.jpg\" width=\"2560\" height=\"1920\" alt=\"Camping sports activities and daytime entertainment\" srcset=\"https:\/\/www.camping-les-preveils.com\/wp-content\/uploads\/2025\/10\/IMG_20230815_160237-scaled.jpg 2560w, https:\/\/www.camping-les-preveils.com\/wp-content\/uploads\/2025\/10\/IMG_20230815_160237-300x225.jpg 300w, https:\/\/www.camping-les-preveils.com\/wp-content\/uploads\/2025\/10\/IMG_20230815_160237-1024x768.jpg 1024w, https:\/\/www.camping-les-preveils.com\/wp-content\/uploads\/2025\/10\/IMG_20230815_160237-768x576.jpg 768w, https:\/\/www.camping-les-preveils.com\/wp-content\/uploads\/2025\/10\/IMG_20230815_160237-1536x1152.jpg 1536w, https:\/\/www.camping-les-preveils.com\/wp-content\/uploads\/2025\/10\/IMG_20230815_160237-2048x1536.jpg 2048w, https:\/\/www.camping-les-preveils.com\/wp-content\/uploads\/2025\/10\/IMG_20230815_160237-16x12.jpg 16w, https:\/\/www.camping-les-preveils.com\/wp-content\/uploads\/2025\/10\/IMG_20230815_160237-500x375.jpg 500w, https:\/\/www.camping-les-preveils.com\/wp-content\/uploads\/2025\/10\/IMG_20230815_160237-800x600.jpg 800w, https:\/\/www.camping-les-preveils.com\/wp-content\/uploads\/2025\/10\/IMG_20230815_160237-1280x960.jpg 1280w, https:\/\/www.camping-les-preveils.com\/wp-content\/uploads\/2025\/10\/IMG_20230815_160237-1920x1440.jpg 1920w\" sizes=\"auto, (max-width: 2560px) 100vw, 2560px\" \/><\/span><\/figure><\/div>\n\n\n\n<div class=\"wp-block-stackable-image stk-block-image stk-block stk-fbfe5ec stk-entrance\" data-block-id=\"fbfe5ec\"><style>.stk-fbfe5ec {border-top-left-radius:50px !important;border-top-right-radius:50px !important;border-bottom-right-radius:50px !important;border-bottom-left-radius:50px !important;overflow:hidden !important;box-shadow:2px 2px 3px 0px #00000075 !important;}.stk-fbfe5ec .stk-img-wrapper{width:100% !important;height:300px !important;}.stk-fbfe5ec .stk-img-wrapper img{object-position:46% 73% !important;}@media screen and (max-width: 767px){.stk-fbfe5ec .stk-img-wrapper{height:300px !important;}}<\/style><figure><span class=\"stk-img-wrapper stk-image--shape-stretch\"><img loading=\"lazy\" decoding=\"async\" class=\"stk-img wp-image-27996\" src=\"https:\/\/www.camping-les-preveils.com\/wp-content\/uploads\/2025\/10\/IMG_20230821_151910.jpg\" width=\"820\" height=\"615\" alt=\"Camping sports activities and daytime entertainment\" srcset=\"https:\/\/www.camping-les-preveils.com\/wp-content\/uploads\/2025\/10\/IMG_20230821_151910.jpg 820w, https:\/\/www.camping-les-preveils.com\/wp-content\/uploads\/2025\/10\/IMG_20230821_151910-300x225.jpg 300w, https:\/\/www.camping-les-preveils.com\/wp-content\/uploads\/2025\/10\/IMG_20230821_151910-768x576.jpg 768w, https:\/\/www.camping-les-preveils.com\/wp-content\/uploads\/2025\/10\/IMG_20230821_151910-16x12.jpg 16w, https:\/\/www.camping-les-preveils.com\/wp-content\/uploads\/2025\/10\/IMG_20230821_151910-500x375.jpg 500w, https:\/\/www.camping-les-preveils.com\/wp-content\/uploads\/2025\/10\/IMG_20230821_151910-800x600.jpg 800w\" sizes=\"auto, (max-width: 820px) 100vw, 820px\" \/><\/span><\/figure><\/div>\n<\/div><\/div><\/div>\n\n\n\n<div class=\"wp-block-stackable-column stk-block-column stk-column stk-block stk-d1d930d\" data-v=\"4\" data-block-id=\"d1d930d\"><div class=\"stk-column-wrapper stk-block-column__content stk-container stk-d1d930d-container stk--no-background stk--no-padding\"><div class=\"stk-block-content stk-inner-blocks stk-d1d930d-inner-blocks\">\n<h2 class=\"wp-block-heading\" data-block-type=\"core\"><span style=\"color: var(--stk-global-color-48085, #006c77);\" class=\"stk-highlight\">Well-paced days, gently<\/span><\/h2>\n\n\n\n<div class=\"wp-block-stackable-text stk-block-text stk-block stk-8708535\" data-block-id=\"8708535\"><p class=\"stk-block-text__text\">Sports enthusiasts, those looking for relaxation, or fun activities \u2013 you can choose from a wide range of daily entertainment.<br>Our team of activity leaders offers you, during the Easter and summer holidays, a varied programme to entertain you from morning to night and leave you with unforgettable memories.<\/p><\/div>\n\n\n\n<div class=\"wp-block-stackable-text stk-block-text stk-block stk-4529607\" data-block-id=\"4529607\"><p class=\"stk-block-text__text\">During the season, every Sunday at 6 PM, meet in front of the stage for the traditional welcome drink and the discovery of the <em>mad dances<\/em> that will make your holidays special.<\/p><\/div>\n\n\n\n<p data-block-type=\"core\">Enjoy our fitness room, a bright and friendly space dedicated to your well-being: make use of our fitness equipment to combine relaxation and vitality during your stay.<\/p>\n\n\n\n<div class=\"wp-block-stackable-text stk-block-text stk-block stk-5f53a00\" data-block-id=\"5f53a00\"><p class=\"stk-block-text__text\">Come and challenge your activity leaders in our Olympiads, football tournaments, p\u00e9tanque, table tennis, and many other disciplines for guaranteed laughs!<\/p><\/div>\n\n\n\n<div class=\"wp-block-stackable-text stk-block-text stk-block stk-743bb86\" data-block-id=\"743bb86\"><p class=\"stk-block-text__text\">In the late afternoon, your leaders will introduce you to preparing for your evenings with lively dancing and innovative aperitif games.<\/p><\/div>\n<\/div><\/div><\/div>\n<\/div><\/div>\n\n\n\n<p data-block-type=\"core\"><\/p>","protected":false},"excerpt":{"rendered":"<p>Des journ\u00e9es bien rythm\u00e9es, tout en douceur Amateurs de vacances sportives, de d\u00e9tente ou d\u2019activit\u00e9s ludiques, vous pourrez piocher parmi un large choix d\u2019animations quotidiennes.Notre \u00e9quipe d\u2019animateurs vous propose, pendant les vacances de P\u00e2ques et d\u2019\u00e9t\u00e9, un programme vari\u00e9 pour vous divertir du matin au soir et vous laisser des souvenirs inoubliables. En saison, chaque [&hellip;]<\/p>\n","protected":false},"author":1,"featured_media":26437,"parent":26318,"menu_order":0,"comment_status":"closed","ping_status":"closed","template":"","meta":{"_acf_changed":false,"_seopress_robots_primary_cat":"","_seopress_titles_title":"Animations en journ\u00e9e - Camping Les Pr\u00e9veils","_seopress_titles_desc":"Le camping Les Pr\u00e9veils vous propose un large choix d'animations en journ\u00e9e. Enfants et adultes vont adorer leur s\u00e9jour \u00e0 La Tranche sur Mer.","_seopress_robots_index":"","_vp_format_video_url":"","_vp_image_focal_point":[],"footnotes":""},"class_list":["post-26302","page","type-page","status-publish","has-post-thumbnail","hentry"],"acf":[],"_links":{"self":[{"href":"https:\/\/www.camping-les-preveils.com\/en\/wp-json\/wp\/v2\/pages\/26302","targetHints":{"allow":["GET"]}}],"collection":[{"href":"https:\/\/www.camping-les-preveils.com\/en\/wp-json\/wp\/v2\/pages"}],"about":[{"href":"https:\/\/www.camping-les-preveils.com\/en\/wp-json\/wp\/v2\/types\/page"}],"author":[{"embeddable":true,"href":"https:\/\/www.camping-les-preveils.com\/en\/wp-json\/wp\/v2\/users\/1"}],"replies":[{"embeddable":true,"href":"https:\/\/www.camping-les-preveils.com\/en\/wp-json\/wp\/v2\/comments?post=26302"}],"version-history":[{"count":7,"href":"https:\/\/www.camping-les-preveils.com\/en\/wp-json\/wp\/v2\/pages\/26302\/revisions"}],"predecessor-version":[{"id":27997,"href":"https:\/\/www.camping-les-preveils.com\/en\/wp-json\/wp\/v2\/pages\/26302\/revisions\/27997"}],"up":[{"embeddable":true,"href":"https:\/\/www.camping-les-preveils.com\/en\/wp-json\/wp\/v2\/pages\/26318"}],"wp:featuredmedia":[{"embeddable":true,"href":"https:\/\/www.camping-les-preveils.com\/en\/wp-json\/wp\/v2\/media\/26437"}],"wp:attachment":[{"href":"https:\/\/www.camping-les-preveils.com\/en\/wp-json\/wp\/v2\/media?parent=26302"}],"curies":[{"name":"wp","href":"https:\/\/api.w.org\/{rel}","templated":true}]}}